{"id":1751,"date":"2022-01-24T23:11:01","date_gmt":"2022-01-24T22:11:01","guid":{"rendered":"https:\/\/moirefashion.com\/moire-fashion-extraordinary-fashion-for-girls-and-women\/"},"modified":"2026-04-09T14:35:43","modified_gmt":"2026-04-09T12:35:43","slug":"moire-fashion-extraordinary-fashion-for-girls-and-women","status":"publish","type":"page","link":"https:\/\/moirefashion.com\/it\/moire-fashion-extraordinary-fashion-for-girls-and-women\/","title":{"rendered":"HomeNix"},"content":{"rendered":"","protected":false},"excerpt":{"rendered":"","protected":false},"author":1,"featured_media":0,"parent":0,"menu_order":0,"comment_status":"closed","ping_status":"closed","template":"","meta":{"footnotes":""},"class_list":["post-1751","page","type-page","status-publish","hentry"],"yoast_head":"<!-- This site is optimized with the Yoast SEO plugin v27.3 - https:\/\/yoast.com\/product\/yoast-seo-wordpress\/ -->\n<title>HomeNix - Moire Fashion<\/title>\n<meta name=\"description\" content=\"Moir\u00e9 Fashion - extraordinary fashion for girls and women - Moir\u00e9 fashion steht f\u00fcr Lifestyle, Lebensfreude und Eleganz | Moir\u00e9 fashion \u00e8 sinonimo di stile di vita, gioia di vivere ed eleganza. In unseren DREI ganz unterschiedlichen MODEGESCH\u00c4FTEN in BOZEN und MERAN finden Frauen Mode, Ideen und Accessoires f\u00fcr jeden Geschmack, jeden Anspruch, f\u00fcr jedes Alter und f\u00fcr jeden Anlass. IRENE MOSCH\u00c9N hat mit ihrem au\u00dferordentlichen Gesp\u00fcr f\u00fcr modische Tendenzen einen eigenen Modestil kreiert. Nei nostri TRE NEGOZI DI MODA a BOLZANO E MERANO, molto diversi tra di loro, le donne trovano moda, idee e accessori per ogni gusto, ogni esigenza, per ogni et\u00e0 e per ogni occasione. Irene Mosch\u00e9n ha creato il proprio stile di moda con il suo straordinario senso per le tendenze della moda.\" \/>\n<meta name=\"robots\" content=\"index, follow, max-snippet:-1, max-image-preview:large, max-video-preview:-1\" \/>\n<link rel=\"canonical\" href=\"https:\/\/moirefashion.com\/it\/moire-fashion-extraordinary-fashion-for-girls-and-women\/\" \/>\n<meta property=\"og:locale\" content=\"it_IT\" \/>\n<meta property=\"og:type\" content=\"article\" \/>\n<meta property=\"og:title\" content=\"HomeNix - Moire Fashion\" \/>\n<meta property=\"og:description\" content=\"Moir\u00e9 Fashion - extraordinary fashion for girls and women - Moir\u00e9 fashion steht f\u00fcr Lifestyle, Lebensfreude und Eleganz | Moir\u00e9 fashion \u00e8 sinonimo di stile di vita, gioia di vivere ed eleganza. In unseren DREI ganz unterschiedlichen MODEGESCH\u00c4FTEN in BOZEN und MERAN finden Frauen Mode, Ideen und Accessoires f\u00fcr jeden Geschmack, jeden Anspruch, f\u00fcr jedes Alter und f\u00fcr jeden Anlass. IRENE MOSCH\u00c9N hat mit ihrem au\u00dferordentlichen Gesp\u00fcr f\u00fcr modische Tendenzen einen eigenen Modestil kreiert. Nei nostri TRE NEGOZI DI MODA a BOLZANO E MERANO, molto diversi tra di loro, le donne trovano moda, idee e accessori per ogni gusto, ogni esigenza, per ogni et\u00e0 e per ogni occasione. Irene Mosch\u00e9n ha creato il proprio stile di moda con il suo straordinario senso per le tendenze della moda.\" \/>\n<meta property=\"og:url\" content=\"https:\/\/moirefashion.com\/it\/moire-fashion-extraordinary-fashion-for-girls-and-women\/\" \/>\n<meta property=\"og:site_name\" content=\"Moire Fashion\" \/>\n<meta property=\"article:publisher\" content=\"https:\/\/www.facebook.com\/Moire.Fashion.Bozen\" \/>\n<meta property=\"article:modified_time\" content=\"2026-04-09T12:35:43+00:00\" \/>\n<meta name=\"twitter:card\" content=\"summary_large_image\" \/>\n<meta name=\"twitter:label1\" content=\"Tempo di lettura stimato\" \/>\n\t<meta name=\"twitter:data1\" content=\"12 minuti\" \/>\n<script type=\"application\/ld+json\" class=\"yoast-schema-graph\">{\"@context\":\"https:\\\/\\\/schema.org\",\"@graph\":[{\"@type\":\"WebPage\",\"@id\":\"https:\\\/\\\/moirefashion.com\\\/it\\\/moire-fashion-extraordinary-fashion-for-girls-and-women\\\/\",\"url\":\"https:\\\/\\\/moirefashion.com\\\/it\\\/moire-fashion-extraordinary-fashion-for-girls-and-women\\\/\",\"name\":\"HomeNix - Moire Fashion\",\"isPartOf\":{\"@id\":\"https:\\\/\\\/moirefashion.com\\\/it\\\/#website\"},\"datePublished\":\"2022-01-24T22:11:01+00:00\",\"dateModified\":\"2026-04-09T12:35:43+00:00\",\"description\":\"Moir\u00e9 Fashion - extraordinary fashion for girls and women - Moir\u00e9 fashion steht f\u00fcr Lifestyle, Lebensfreude und Eleganz | Moir\u00e9 fashion \u00e8 sinonimo di stile di vita, gioia di vivere ed eleganza. In unseren DREI ganz unterschiedlichen MODEGESCH\u00c4FTEN in BOZEN und MERAN finden Frauen Mode, Ideen und Accessoires f\u00fcr jeden Geschmack, jeden Anspruch, f\u00fcr jedes Alter und f\u00fcr jeden Anlass. IRENE MOSCH\u00c9N hat mit ihrem au\u00dferordentlichen Gesp\u00fcr f\u00fcr modische Tendenzen einen eigenen Modestil kreiert. Nei nostri TRE NEGOZI DI MODA a BOLZANO E MERANO, molto diversi tra di loro, le donne trovano moda, idee e accessori per ogni gusto, ogni esigenza, per ogni et\u00e0 e per ogni occasione. Irene Mosch\u00e9n ha creato il proprio stile di moda con il suo straordinario senso per le tendenze della moda.\",\"breadcrumb\":{\"@id\":\"https:\\\/\\\/moirefashion.com\\\/it\\\/moire-fashion-extraordinary-fashion-for-girls-and-women\\\/#breadcrumb\"},\"inLanguage\":\"it-IT\",\"potentialAction\":[{\"@type\":\"ReadAction\",\"target\":[\"https:\\\/\\\/moirefashion.com\\\/it\\\/moire-fashion-extraordinary-fashion-for-girls-and-women\\\/\"]}]},{\"@type\":\"BreadcrumbList\",\"@id\":\"https:\\\/\\\/moirefashion.com\\\/it\\\/moire-fashion-extraordinary-fashion-for-girls-and-women\\\/#breadcrumb\",\"itemListElement\":[{\"@type\":\"ListItem\",\"position\":1,\"name\":\"Startseite\",\"item\":\"https:\\\/\\\/moirefashion.com\\\/it\\\/?page_id=8992\"},{\"@type\":\"ListItem\",\"position\":2,\"name\":\"HomeNix\"}]},{\"@type\":\"WebSite\",\"@id\":\"https:\\\/\\\/moirefashion.com\\\/it\\\/#website\",\"url\":\"https:\\\/\\\/moirefashion.com\\\/it\\\/\",\"name\":\"Moire Fashion\",\"description\":\"by Irene Mosch\u00e9n\",\"publisher\":{\"@id\":\"https:\\\/\\\/moirefashion.com\\\/it\\\/#organization\"},\"potentialAction\":[{\"@type\":\"SearchAction\",\"target\":{\"@type\":\"EntryPoint\",\"urlTemplate\":\"https:\\\/\\\/moirefashion.com\\\/it\\\/?s={search_term_string}\"},\"query-input\":{\"@type\":\"PropertyValueSpecification\",\"valueRequired\":true,\"valueName\":\"search_term_string\"}}],\"inLanguage\":\"it-IT\"},{\"@type\":\"Organization\",\"@id\":\"https:\\\/\\\/moirefashion.com\\\/it\\\/#organization\",\"name\":\"Moir\u00e9 Fashion - extraordinary fashion for girls and women\",\"url\":\"https:\\\/\\\/moirefashion.com\\\/it\\\/\",\"logo\":{\"@type\":\"ImageObject\",\"inLanguage\":\"it-IT\",\"@id\":\"https:\\\/\\\/moirefashion.com\\\/it\\\/#\\\/schema\\\/logo\\\/image\\\/\",\"url\":\"https:\\\/\\\/moirefashion.com\\\/wp-content\\\/uploads\\\/2022\\\/06\\\/logoMoireMagentaWhiteHg.jpg\",\"contentUrl\":\"https:\\\/\\\/moirefashion.com\\\/wp-content\\\/uploads\\\/2022\\\/06\\\/logoMoireMagentaWhiteHg.jpg\",\"width\":1438,\"height\":779,\"caption\":\"Moir\u00e9 Fashion - extraordinary fashion for girls and women\"},\"image\":{\"@id\":\"https:\\\/\\\/moirefashion.com\\\/it\\\/#\\\/schema\\\/logo\\\/image\\\/\"},\"sameAs\":[\"https:\\\/\\\/www.facebook.com\\\/Moire.Fashion.Bozen\",\"https:\\\/\\\/www.instagram.com\\\/moire_fashion\\\/\"]}]}<\/script>\n<!-- \/ Yoast SEO plugin. -->","yoast_head_json":{"title":"HomeNix - Moire Fashion","description":"Moir\u00e9 Fashion - extraordinary fashion for girls and women - Moir\u00e9 fashion steht f\u00fcr Lifestyle, Lebensfreude und Eleganz | Moir\u00e9 fashion \u00e8 sinonimo di stile di vita, gioia di vivere ed eleganza. In unseren DREI ganz unterschiedlichen MODEGESCH\u00c4FTEN in BOZEN und MERAN finden Frauen Mode, Ideen und Accessoires f\u00fcr jeden Geschmack, jeden Anspruch, f\u00fcr jedes Alter und f\u00fcr jeden Anlass. IRENE MOSCH\u00c9N hat mit ihrem au\u00dferordentlichen Gesp\u00fcr f\u00fcr modische Tendenzen einen eigenen Modestil kreiert. Nei nostri TRE NEGOZI DI MODA a BOLZANO E MERANO, molto diversi tra di loro, le donne trovano moda, idee e accessori per ogni gusto, ogni esigenza, per ogni et\u00e0 e per ogni occasione. Irene Mosch\u00e9n ha creato il proprio stile di moda con il suo straordinario senso per le tendenze della moda.","robots":{"index":"index","follow":"follow","max-snippet":"max-snippet:-1","max-image-preview":"max-image-preview:large","max-video-preview":"max-video-preview:-1"},"canonical":"https:\/\/moirefashion.com\/it\/moire-fashion-extraordinary-fashion-for-girls-and-women\/","og_locale":"it_IT","og_type":"article","og_title":"HomeNix - Moire Fashion","og_description":"Moir\u00e9 Fashion - extraordinary fashion for girls and women - Moir\u00e9 fashion steht f\u00fcr Lifestyle, Lebensfreude und Eleganz | Moir\u00e9 fashion \u00e8 sinonimo di stile di vita, gioia di vivere ed eleganza. In unseren DREI ganz unterschiedlichen MODEGESCH\u00c4FTEN in BOZEN und MERAN finden Frauen Mode, Ideen und Accessoires f\u00fcr jeden Geschmack, jeden Anspruch, f\u00fcr jedes Alter und f\u00fcr jeden Anlass. IRENE MOSCH\u00c9N hat mit ihrem au\u00dferordentlichen Gesp\u00fcr f\u00fcr modische Tendenzen einen eigenen Modestil kreiert. Nei nostri TRE NEGOZI DI MODA a BOLZANO E MERANO, molto diversi tra di loro, le donne trovano moda, idee e accessori per ogni gusto, ogni esigenza, per ogni et\u00e0 e per ogni occasione. Irene Mosch\u00e9n ha creato il proprio stile di moda con il suo straordinario senso per le tendenze della moda.","og_url":"https:\/\/moirefashion.com\/it\/moire-fashion-extraordinary-fashion-for-girls-and-women\/","og_site_name":"Moire Fashion","article_publisher":"https:\/\/www.facebook.com\/Moire.Fashion.Bozen","article_modified_time":"2026-04-09T12:35:43+00:00","twitter_card":"summary_large_image","twitter_misc":{"Tempo di lettura stimato":"12 minuti"},"schema":{"@context":"https:\/\/schema.org","@graph":[{"@type":"WebPage","@id":"https:\/\/moirefashion.com\/it\/moire-fashion-extraordinary-fashion-for-girls-and-women\/","url":"https:\/\/moirefashion.com\/it\/moire-fashion-extraordinary-fashion-for-girls-and-women\/","name":"HomeNix - Moire Fashion","isPartOf":{"@id":"https:\/\/moirefashion.com\/it\/#website"},"datePublished":"2022-01-24T22:11:01+00:00","dateModified":"2026-04-09T12:35:43+00:00","description":"Moir\u00e9 Fashion - extraordinary fashion for girls and women - Moir\u00e9 fashion steht f\u00fcr Lifestyle, Lebensfreude und Eleganz | Moir\u00e9 fashion \u00e8 sinonimo di stile di vita, gioia di vivere ed eleganza. In unseren DREI ganz unterschiedlichen MODEGESCH\u00c4FTEN in BOZEN und MERAN finden Frauen Mode, Ideen und Accessoires f\u00fcr jeden Geschmack, jeden Anspruch, f\u00fcr jedes Alter und f\u00fcr jeden Anlass. IRENE MOSCH\u00c9N hat mit ihrem au\u00dferordentlichen Gesp\u00fcr f\u00fcr modische Tendenzen einen eigenen Modestil kreiert. Nei nostri TRE NEGOZI DI MODA a BOLZANO E MERANO, molto diversi tra di loro, le donne trovano moda, idee e accessori per ogni gusto, ogni esigenza, per ogni et\u00e0 e per ogni occasione. Irene Mosch\u00e9n ha creato il proprio stile di moda con il suo straordinario senso per le tendenze della moda.","breadcrumb":{"@id":"https:\/\/moirefashion.com\/it\/moire-fashion-extraordinary-fashion-for-girls-and-women\/#breadcrumb"},"inLanguage":"it-IT","potentialAction":[{"@type":"ReadAction","target":["https:\/\/moirefashion.com\/it\/moire-fashion-extraordinary-fashion-for-girls-and-women\/"]}]},{"@type":"BreadcrumbList","@id":"https:\/\/moirefashion.com\/it\/moire-fashion-extraordinary-fashion-for-girls-and-women\/#breadcrumb","itemListElement":[{"@type":"ListItem","position":1,"name":"Startseite","item":"https:\/\/moirefashion.com\/it\/?page_id=8992"},{"@type":"ListItem","position":2,"name":"HomeNix"}]},{"@type":"WebSite","@id":"https:\/\/moirefashion.com\/it\/#website","url":"https:\/\/moirefashion.com\/it\/","name":"Moire Fashion","description":"by Irene Mosch\u00e9n","publisher":{"@id":"https:\/\/moirefashion.com\/it\/#organization"},"potentialAction":[{"@type":"SearchAction","target":{"@type":"EntryPoint","urlTemplate":"https:\/\/moirefashion.com\/it\/?s={search_term_string}"},"query-input":{"@type":"PropertyValueSpecification","valueRequired":true,"valueName":"search_term_string"}}],"inLanguage":"it-IT"},{"@type":"Organization","@id":"https:\/\/moirefashion.com\/it\/#organization","name":"Moir\u00e9 Fashion - extraordinary fashion for girls and women","url":"https:\/\/moirefashion.com\/it\/","logo":{"@type":"ImageObject","inLanguage":"it-IT","@id":"https:\/\/moirefashion.com\/it\/#\/schema\/logo\/image\/","url":"https:\/\/moirefashion.com\/wp-content\/uploads\/2022\/06\/logoMoireMagentaWhiteHg.jpg","contentUrl":"https:\/\/moirefashion.com\/wp-content\/uploads\/2022\/06\/logoMoireMagentaWhiteHg.jpg","width":1438,"height":779,"caption":"Moir\u00e9 Fashion - extraordinary fashion for girls and women"},"image":{"@id":"https:\/\/moirefashion.com\/it\/#\/schema\/logo\/image\/"},"sameAs":["https:\/\/www.facebook.com\/Moire.Fashion.Bozen","https:\/\/www.instagram.com\/moire_fashion\/"]}]}},"_links":{"self":[{"href":"https:\/\/moirefashion.com\/it\/wp-json\/wp\/v2\/pages\/1751","targetHints":{"allow":["GET"]}}],"collection":[{"href":"https:\/\/moirefashion.com\/it\/wp-json\/wp\/v2\/pages"}],"about":[{"href":"https:\/\/moirefashion.com\/it\/wp-json\/wp\/v2\/types\/page"}],"author":[{"embeddable":true,"href":"https:\/\/moirefashion.com\/it\/wp-json\/wp\/v2\/users\/1"}],"replies":[{"embeddable":true,"href":"https:\/\/moirefashion.com\/it\/wp-json\/wp\/v2\/comments?post=1751"}],"version-history":[{"count":10,"href":"https:\/\/moirefashion.com\/it\/wp-json\/wp\/v2\/pages\/1751\/revisions"}],"predecessor-version":[{"id":8996,"href":"https:\/\/moirefashion.com\/it\/wp-json\/wp\/v2\/pages\/1751\/revisions\/8996"}],"wp:attachment":[{"href":"https:\/\/moirefashion.com\/it\/wp-json\/wp\/v2\/media?parent=1751"}],"curies":[{"name":"wp","href":"https:\/\/api.w.org\/{rel}","templated":true}]}}